{"id":655,"date":"2016-11-04T10:32:18","date_gmt":"2016-11-04T10:32:18","guid":{"rendered":"https:\/\/angry-banzai.34-154-125-132.plesk.page\/comitato\/"},"modified":"2023-02-17T11:24:42","modified_gmt":"2023-02-17T11:24:42","slug":"comite","status":"publish","type":"page","link":"https:\/\/alliancefraoste.it\/fr\/comite\/","title":{"rendered":"Comit\u00e9"},"content":{"rendered":"<section class=\"wpb-content-wrapper\"><p>[vc_row css_animation=\u00a0\u00bb\u00a0\u00bb row_type=\u00a0\u00bbrow\u00a0\u00bb use_row_as_full_screen_section=\u00a0\u00bbno\u00a0\u00bb type=\u00a0\u00bbgrid\u00a0\u00bb angled_section=\u00a0\u00bbno\u00a0\u00bb text_align=\u00a0\u00bbleft\u00a0\u00bb background_image_as_pattern=\u00a0\u00bbwithout_pattern\u00a0\u00bb z_index=\u00a0\u00bb\u00a0\u00bb][vc_column][qode_elements_holder number_of_columns=\u00a0\u00bbone_column\u00a0\u00bb][qode_elements_holder_item advanced_animations=\u00a0\u00bbno\u00a0\u00bb item_padding=\u00a0\u00bb5% 5% 0% 5%\u00a0\u00bb]<div class=\"qode-accordion-holder clearfix qode-toggle qode-initial \">\n\t<h2 class=\"clearfix qode-title-holder\">\n<span class=\"qode-tab-title\">\n\t\t\t<span class=\"qode-tab-title-icon\">\n\t\t\t<i class=\"qode_icon_font_awesome fa fa-question \" ><\/i>\t\t<\/span>\n\t    <span class=\"qode-tab-title-inner\">\n        Quels sont les r\u00f4les des membres du Comit\u00e9?    <\/span>\n<\/span>\n<span class=\"qode-accordion-mark\">\n    <span class=\"qode-accordion-mark-icon\">\n        <span class=\"icon_plus\"><\/span>\n        <span class=\"icon_minus-06\"><\/span>\n    <\/span>\n<\/span>\n<\/h2>\n<div  class=\"qode-accordion-content qode-acc-title-with-icon\" >\n    <div class=\"qode-accordion-content-inner\">\n        [vc_column_text]Avant toute chose, les membres du Comit\u00e9 sont engag\u00e9s et investis dans les actions de l\u2019Alliance Fran\u00e7aise. Ils assistent \u00e0 des r\u00e9unions du Comit\u00e9, de fa\u00e7on parfois mensuelle, mais aussi aux activit\u00e9s culturelles: concerts, expositions, projections de films, ateliers, etc\u2026 Les membres du Comit\u00e9 doivent \u00eatre adh\u00e9rents de l\u2019Alliance Fran\u00e7aise et ne peuvent y \u00eatre employ\u00e9s, m\u00eame en tant qu\u2019employ\u00e9 \u00e0 temps partiel ou en tant que fournisseur.[\/vc_column_text]    <\/div>\n<\/div><\/div>[\/qode_elements_holder_item][\/qode_elements_holder][vc_empty_space][vc_empty_space][\/vc_column][\/vc_row][vc_row css_animation=\u00a0\u00bb\u00a0\u00bb row_type=\u00a0\u00bbrow\u00a0\u00bb use_row_as_full_screen_section=\u00a0\u00bbno\u00a0\u00bb type=\u00a0\u00bbgrid\u00a0\u00bb angled_section=\u00a0\u00bbno\u00a0\u00bb text_align=\u00a0\u00bbleft\u00a0\u00bb background_image_as_pattern=\u00a0\u00bbwithout_pattern\u00a0\u00bb css=\u00a0\u00bb.vc_custom_1675433419624{background-color: #f6f6f6 !important;}\u00a0\u00bb z_index=\u00a0\u00bb\u00a0\u00bb][vc_column][qode_elements_holder number_of_columns=\u00a0\u00bbone_column\u00a0\u00bb][qode_elements_holder_item advanced_animations=\u00a0\u00bbno\u00a0\u00bb item_padding=\u00a0\u00bb0% 15%\u00a0\u00bb][vc_column_text]<\/p>\n<p style=\"text-align: left;\">Le\u00a0<strong>Conseil d&rsquo;administration<\/strong>\u00a0joue\u00a0un r\u00f4le important pour l&rsquo;Alliance Fran\u00e7aise, repr\u00e9sentant\u00a0<strong>l&rsquo;expression de la passion et de l&rsquo;amour pour la langue fran\u00e7aise<\/strong>. Le Conseil d&rsquo;administration actuel est compos\u00e9 de :<\/p>\n<p>[\/vc_column_text][vc_empty_space][\/qode_elements_holder_item][\/qode_elements_holder][qode_elements_holder number_of_columns=\u00a0\u00bbthree_columns\u00a0\u00bb][qode_elements_holder_item advanced_animations=\u00a0\u00bbno\u00a0\u00bb][\/qode_elements_holder_item][qode_elements_holder_item advanced_animations=\u00a0\u00bbno\u00a0\u00bb]<div class=\"qode-info-card\">\n\t\t\t<div class=\"qode-info-card-image\" style=\"background-color:#fff\">\n\t\t\t<img decoding=\"async\" src=\"https:\/\/alliancefraoste.it\/wp-content\/uploads\/2023\/02\/placeholder-donna.jpg\" alt=\"\" \/>\n\t\t<\/div>\n\t\t<div class=\"qode-info-card-text-holder\" style=\"background-color:#fff\">\n\t\t\t\t\t<h3 class=\"qode-info-card-title\" >\n\t\t\t\tChristine VALETON\t\t\t<\/h3>\n\t\t\t\t\t\t\t<p class=\"qode-info-card-text\" >\n\t\t\t\tPr\u00e9sident\t\t\t<\/p>\n\t\t\t<\/div>\n\t<\/div>[\/qode_elements_holder_item][qode_elements_holder_item advanced_animations=\u00a0\u00bbno\u00a0\u00bb][\/qode_elements_holder_item][\/qode_elements_holder][qode_elements_holder number_of_columns=\u00a0\u00bbthree_columns\u00a0\u00bb][qode_elements_holder_item advanced_animations=\u00a0\u00bbno\u00a0\u00bb]<div class=\"qode-info-card\">\n\t\t\t<div class=\"qode-info-card-image\" style=\"background-color:#fff\">\n\t\t\t<img decoding=\"async\" src=\"https:\/\/alliancefraoste.it\/wp-content\/uploads\/2023\/02\/placeholder-uomo.jpg\" alt=\"\" \/>\n\t\t<\/div>\n\t\t<div class=\"qode-info-card-text-holder\" style=\"background-color:#fff\">\n\t\t\t\t\t<h3 class=\"qode-info-card-title\" >\n\t\t\t\tCandido HENRY\t\t\t<\/h3>\n\t\t\t\t\t\t\t<p class=\"qode-info-card-text\" >\n\t\t\t\tTr\u00e9sorier\t\t\t<\/p>\n\t\t\t<\/div>\n\t<\/div>[\/qode_elements_holder_item][qode_elements_holder_item advanced_animations=\u00a0\u00bbno\u00a0\u00bb]<div class=\"qode-info-card\">\n\t\t\t<div class=\"qode-info-card-image\" style=\"background-color:#fff\">\n\t\t\t<img decoding=\"async\" src=\"https:\/\/alliancefraoste.it\/wp-content\/uploads\/2023\/02\/placeholder-donna.jpg\" alt=\"\" \/>\n\t\t<\/div>\n\t\t<div class=\"qode-info-card-text-holder\" style=\"background-color:#fff\">\n\t\t\t\t\t<h3 class=\"qode-info-card-title\" >\n\t\t\t\tClaudine CHENUIL\t\t\t<\/h3>\n\t\t\t\t\t\t\t<p class=\"qode-info-card-text\" >\n\t\t\t\tVice-pr\u00e9sident\t\t\t<\/p>\n\t\t\t<\/div>\n\t<\/div>[\/qode_elements_holder_item][qode_elements_holder_item advanced_animations=\u00a0\u00bbno\u00a0\u00bb]<div class=\"qode-info-card\">\n\t\t\t<div class=\"qode-info-card-image\" style=\"background-color:#fff\">\n\t\t\t<img decoding=\"async\" src=\"https:\/\/alliancefraoste.it\/wp-content\/uploads\/2023\/02\/placeholder-uomo.jpg\" alt=\"\" \/>\n\t\t<\/div>\n\t\t<div class=\"qode-info-card-text-holder\" style=\"background-color:#fff\">\n\t\t\t\t\t<h3 class=\"qode-info-card-title\" >\n\t\t\t\tStefano CRETIER\t\t\t<\/h3>\n\t\t\t\t\t\t\t<p class=\"qode-info-card-text\" >\n\t\t\t\tSecr\u00e9taire\t\t\t<\/p>\n\t\t\t<\/div>\n\t<\/div>[\/qode_elements_holder_item][\/qode_elements_holder][qode_elements_holder number_of_columns=\u00a0\u00bbthree_columns\u00a0\u00bb][qode_elements_holder_item advanced_animations=\u00a0\u00bbno\u00a0\u00bb]<div class=\"qode-info-card\">\n\t\t\t<div class=\"qode-info-card-image\" style=\"background-color:#fff\">\n\t\t\t<img decoding=\"async\" src=\"https:\/\/alliancefraoste.it\/wp-content\/uploads\/2023\/02\/placeholder-donna.jpg\" alt=\"\" \/>\n\t\t<\/div>\n\t\t<div class=\"qode-info-card-text-holder\" style=\"background-color:#fff\">\n\t\t\t\t\t<h3 class=\"qode-info-card-title\" >\n\t\t\t\tPaola DE BERNOCHI\t\t\t<\/h3>\n\t\t\t\t\t\t\t<p class=\"qode-info-card-text\" >\n\t\t\t\tConseiller\t\t\t<\/p>\n\t\t\t<\/div>\n\t<\/div>[\/qode_elements_holder_item][qode_elements_holder_item advanced_animations=\u00a0\u00bbno\u00a0\u00bb]<div class=\"qode-info-card\">\n\t\t\t<div class=\"qode-info-card-image\" style=\"background-color:#fff\">\n\t\t\t<img decoding=\"async\" src=\"https:\/\/alliancefraoste.it\/wp-content\/uploads\/2023\/02\/placeholder-uomo.jpg\" alt=\"\" \/>\n\t\t<\/div>\n\t\t<div class=\"qode-info-card-text-holder\" style=\"background-color:#fff\">\n\t\t\t\t\t<h3 class=\"qode-info-card-title\" >\n\t\t\t\tBabacar DIAKHATE\t\t\t<\/h3>\n\t\t\t\t\t\t\t<p class=\"qode-info-card-text\" >\n\t\t\t\tConseiller\t\t\t<\/p>\n\t\t\t<\/div>\n\t<\/div>[\/qode_elements_holder_item][qode_elements_holder_item advanced_animations=\u00a0\u00bbno\u00a0\u00bb]<div class=\"qode-info-card\">\n\t\t\t<div class=\"qode-info-card-image\" style=\"background-color:#fff\">\n\t\t\t<img decoding=\"async\" src=\"https:\/\/alliancefraoste.it\/wp-content\/uploads\/2023\/02\/placeholder-uomo.jpg\" alt=\"\" \/>\n\t\t<\/div>\n\t\t<div class=\"qode-info-card-text-holder\" style=\"background-color:#fff\">\n\t\t\t\t\t<h3 class=\"qode-info-card-title\" >\n\t\t\t\tFrancesco FAZARI\t\t\t<\/h3>\n\t\t\t\t\t\t\t<p class=\"qode-info-card-text\" >\n\t\t\t\tConseiller\t\t\t<\/p>\n\t\t\t<\/div>\n\t<\/div>[\/qode_elements_holder_item][\/qode_elements_holder][qode_elements_holder number_of_columns=\u00a0\u00bbthree_columns\u00a0\u00bb][qode_elements_holder_item advanced_animations=\u00a0\u00bbno\u00a0\u00bb]<div class=\"qode-info-card\">\n\t\t\t<div class=\"qode-info-card-image\" style=\"background-color:#fff\">\n\t\t\t<img decoding=\"async\" src=\"https:\/\/alliancefraoste.it\/wp-content\/uploads\/2023\/02\/placeholder-uomo.jpg\" alt=\"\" \/>\n\t\t<\/div>\n\t\t<div class=\"qode-info-card-text-holder\" style=\"background-color:#fff\">\n\t\t\t\t\t<h3 class=\"qode-info-card-title\" >\n\t\t\t\tMarco GHELLER\t\t\t<\/h3>\n\t\t\t\t\t\t\t<p class=\"qode-info-card-text\" >\n\t\t\t\tConseiller\t\t\t<\/p>\n\t\t\t<\/div>\n\t<\/div>[\/qode_elements_holder_item][qode_elements_holder_item advanced_animations=\u00a0\u00bbno\u00a0\u00bb][\/qode_elements_holder_item][qode_elements_holder_item advanced_animations=\u00a0\u00bbno\u00a0\u00bb]<div class=\"qode-info-card\">\n\t\t\t<div class=\"qode-info-card-image\" style=\"background-color:#fff\">\n\t\t\t<img decoding=\"async\" src=\"https:\/\/alliancefraoste.it\/wp-content\/uploads\/2023\/02\/placeholder-uomo.jpg\" alt=\"\" \/>\n\t\t<\/div>\n\t\t<div class=\"qode-info-card-text-holder\" style=\"background-color:#fff\">\n\t\t\t\t\t<h3 class=\"qode-info-card-title\" >\n\t\t\t\tGuido GRIMOD\t\t\t<\/h3>\n\t\t\t\t\t\t\t<p class=\"qode-info-card-text\" >\n\t\t\t\tConseiller\t\t\t<\/p>\n\t\t\t<\/div>\n\t<\/div>[\/qode_elements_holder_item][\/qode_elements_holder][\/vc_column][\/vc_row]<\/p>\n<\/section>","protected":false},"excerpt":{"rendered":"<p>[vc_row css_animation=\u00a0\u00bb\u00a0\u00bb row_type=\u00a0\u00bbrow\u00a0\u00bb use_row_as_full_screen_section=\u00a0\u00bbno\u00a0\u00bb type=\u00a0\u00bbgrid\u00a0\u00bb angled_section=\u00a0\u00bbno\u00a0\u00bb text_align=\u00a0\u00bbleft\u00a0\u00bb background_image_as_pattern=\u00a0\u00bbwithout_pattern\u00a0\u00bb z_index=\u00a0\u00bb\u00a0\u00bb][vc_column][qode_elements_holder number_of_columns=\u00a0\u00bbone_column\u00a0\u00bb][qode_elements_holder_item advanced_animations=\u00a0\u00bbno\u00a0\u00bb item_padding=\u00a0\u00bb5% 5% 0% 5%\u00a0\u00bb][\/qode_elements_holder_item][\/qode_elements_holder][vc_empty_space][vc_empty_space][\/vc_column][\/vc_row][vc_row css_animation=\u00a0\u00bb\u00a0\u00bb row_type=\u00a0\u00bbrow\u00a0\u00bb use_row_as_full_screen_section=\u00a0\u00bbno\u00a0\u00bb type=\u00a0\u00bbgrid\u00a0\u00bb angled_section=\u00a0\u00bbno\u00a0\u00bb text_align=\u00a0\u00bbleft\u00a0\u00bb background_image_as_pattern=\u00a0\u00bbwithout_pattern\u00a0\u00bb css=\u00a0\u00bb.vc_custom_1675433419624{background-color: #f6f6f6 !important;}\u00a0\u00bb z_index=\u00a0\u00bb\u00a0\u00bb][vc_column][qode_elements_holder number_of_columns=\u00a0\u00bbone_column\u00a0\u00bb][qode_elements_holder_item advanced_animations=\u00a0\u00bbno\u00a0\u00bb item_padding=\u00a0\u00bb0% 15%\u00a0\u00bb][vc_column_text] Le\u00a0Conseil d&rsquo;administration\u00a0joue\u00a0un r\u00f4le important pour l&rsquo;Alliance Fran\u00e7aise, repr\u00e9sentant\u00a0l&rsquo;expression de la passion et de l&rsquo;amour pour&#8230;<\/p>\n","protected":false},"author":1,"featured_media":0,"parent":0,"menu_order":0,"comment_status":"closed","ping_status":"closed","template":"full_width.php","meta":{"footnotes":""},"class_list":["post-655","page","type-page","status-publish","hentry"],"yoast_head":"<!-- This site is optimized with the Yoast SEO plugin v27.4 - https:\/\/yoast.com\/product\/yoast-seo-wordpress\/ -->\n<title>Comit\u00e9 - Alliance Francaise<\/title>\n<meta name=\"robots\" content=\"index, follow, max-snippet:-1, max-image-preview:large, max-video-preview:-1\" \/>\n<link rel=\"canonical\" href=\"https:\/\/alliancefraoste.it\/fr\/comite\/\" \/>\n<meta property=\"og:locale\" content=\"fr_FR\" \/>\n<meta property=\"og:type\" content=\"article\" \/>\n<meta property=\"og:title\" content=\"Comit\u00e9 - Alliance Francaise\" \/>\n<meta property=\"og:description\" content=\"[vc_row css_animation=\u00a0\u00bb\u00a0\u00bb row_type=\u00a0\u00bbrow\u00a0\u00bb use_row_as_full_screen_section=\u00a0\u00bbno\u00a0\u00bb type=\u00a0\u00bbgrid\u00a0\u00bb angled_section=\u00a0\u00bbno\u00a0\u00bb text_align=\u00a0\u00bbleft\u00a0\u00bb background_image_as_pattern=\u00a0\u00bbwithout_pattern\u00a0\u00bb z_index=\u00a0\u00bb\u00a0\u00bb][vc_column][qode_elements_holder number_of_columns=\u00a0\u00bbone_column\u00a0\u00bb][qode_elements_holder_item advanced_animations=\u00a0\u00bbno\u00a0\u00bb item_padding=\u00a0\u00bb5% 5% 0% 5%\u00a0\u00bb][\/qode_elements_holder_item][\/qode_elements_holder][vc_empty_space][vc_empty_space][\/vc_column][\/vc_row][vc_row css_animation=\u00a0\u00bb\u00a0\u00bb row_type=\u00a0\u00bbrow\u00a0\u00bb use_row_as_full_screen_section=\u00a0\u00bbno\u00a0\u00bb type=\u00a0\u00bbgrid\u00a0\u00bb angled_section=\u00a0\u00bbno\u00a0\u00bb text_align=\u00a0\u00bbleft\u00a0\u00bb background_image_as_pattern=\u00a0\u00bbwithout_pattern\u00a0\u00bb css=\u00a0\u00bb.vc_custom_1675433419624{background-color: #f6f6f6 !important;}\u00a0\u00bb z_index=\u00a0\u00bb\u00a0\u00bb][vc_column][qode_elements_holder number_of_columns=\u00a0\u00bbone_column\u00a0\u00bb][qode_elements_holder_item advanced_animations=\u00a0\u00bbno\u00a0\u00bb item_padding=\u00a0\u00bb0% 15%\u00a0\u00bb][vc_column_text] Le\u00a0Conseil d&rsquo;administration\u00a0joue\u00a0un r\u00f4le important pour l&rsquo;Alliance Fran\u00e7aise, repr\u00e9sentant\u00a0l&rsquo;expression de la passion et de l&rsquo;amour pour...\" \/>\n<meta property=\"og:url\" content=\"https:\/\/alliancefraoste.it\/fr\/comite\/\" \/>\n<meta property=\"og:site_name\" content=\"Alliance Francaise\" \/>\n<meta property=\"article:modified_time\" content=\"2023-02-17T11:24:42+00:00\" \/>\n<meta name=\"twitter:card\" content=\"summary_large_image\" \/>\n<meta name=\"twitter:label1\" content=\"Dur\u00e9e de lecture estim\u00e9e\" \/>\n\t<meta name=\"twitter:data1\" content=\"3 minutes\" \/>\n<script type=\"application\/ld+json\" class=\"yoast-schema-graph\">{\"@context\":\"https:\\\/\\\/schema.org\",\"@graph\":[{\"@type\":\"WebPage\",\"@id\":\"https:\\\/\\\/alliancefraoste.it\\\/fr\\\/comite\\\/\",\"url\":\"https:\\\/\\\/alliancefraoste.it\\\/fr\\\/comite\\\/\",\"name\":\"Comit\u00e9 - Alliance Francaise\",\"isPartOf\":{\"@id\":\"https:\\\/\\\/alliancefraoste.it\\\/#website\"},\"datePublished\":\"2016-11-04T10:32:18+00:00\",\"dateModified\":\"2023-02-17T11:24:42+00:00\",\"breadcrumb\":{\"@id\":\"https:\\\/\\\/alliancefraoste.it\\\/fr\\\/comite\\\/#breadcrumb\"},\"inLanguage\":\"fr-FR\",\"potentialAction\":[{\"@type\":\"ReadAction\",\"target\":[\"https:\\\/\\\/alliancefraoste.it\\\/fr\\\/comite\\\/\"]}]},{\"@type\":\"BreadcrumbList\",\"@id\":\"https:\\\/\\\/alliancefraoste.it\\\/fr\\\/comite\\\/#breadcrumb\",\"itemListElement\":[{\"@type\":\"ListItem\",\"position\":1,\"name\":\"Home\",\"item\":\"https:\\\/\\\/alliancefraoste.it\\\/fr\\\/\"},{\"@type\":\"ListItem\",\"position\":2,\"name\":\"Comit\u00e9\"}]},{\"@type\":\"WebSite\",\"@id\":\"https:\\\/\\\/alliancefraoste.it\\\/#website\",\"url\":\"https:\\\/\\\/alliancefraoste.it\\\/\",\"name\":\"Alliance Francaise\",\"description\":\"Vall\u00e9e d&#039;Aoste\",\"potentialAction\":[{\"@type\":\"SearchAction\",\"target\":{\"@type\":\"EntryPoint\",\"urlTemplate\":\"https:\\\/\\\/alliancefraoste.it\\\/?s={search_term_string}\"},\"query-input\":{\"@type\":\"PropertyValueSpecification\",\"valueRequired\":true,\"valueName\":\"search_term_string\"}}],\"inLanguage\":\"fr-FR\"}]}<\/script>\n<!-- \/ Yoast SEO plugin. -->","yoast_head_json":{"title":"Comit\u00e9 - Alliance Francaise","robots":{"index":"index","follow":"follow","max-snippet":"max-snippet:-1","max-image-preview":"max-image-preview:large","max-video-preview":"max-video-preview:-1"},"canonical":"https:\/\/alliancefraoste.it\/fr\/comite\/","og_locale":"fr_FR","og_type":"article","og_title":"Comit\u00e9 - Alliance Francaise","og_description":"[vc_row css_animation=\u00a0\u00bb\u00a0\u00bb row_type=\u00a0\u00bbrow\u00a0\u00bb use_row_as_full_screen_section=\u00a0\u00bbno\u00a0\u00bb type=\u00a0\u00bbgrid\u00a0\u00bb angled_section=\u00a0\u00bbno\u00a0\u00bb text_align=\u00a0\u00bbleft\u00a0\u00bb background_image_as_pattern=\u00a0\u00bbwithout_pattern\u00a0\u00bb z_index=\u00a0\u00bb\u00a0\u00bb][vc_column][qode_elements_holder number_of_columns=\u00a0\u00bbone_column\u00a0\u00bb][qode_elements_holder_item advanced_animations=\u00a0\u00bbno\u00a0\u00bb item_padding=\u00a0\u00bb5% 5% 0% 5%\u00a0\u00bb][\/qode_elements_holder_item][\/qode_elements_holder][vc_empty_space][vc_empty_space][\/vc_column][\/vc_row][vc_row css_animation=\u00a0\u00bb\u00a0\u00bb row_type=\u00a0\u00bbrow\u00a0\u00bb use_row_as_full_screen_section=\u00a0\u00bbno\u00a0\u00bb type=\u00a0\u00bbgrid\u00a0\u00bb angled_section=\u00a0\u00bbno\u00a0\u00bb text_align=\u00a0\u00bbleft\u00a0\u00bb background_image_as_pattern=\u00a0\u00bbwithout_pattern\u00a0\u00bb css=\u00a0\u00bb.vc_custom_1675433419624{background-color: #f6f6f6 !important;}\u00a0\u00bb z_index=\u00a0\u00bb\u00a0\u00bb][vc_column][qode_elements_holder number_of_columns=\u00a0\u00bbone_column\u00a0\u00bb][qode_elements_holder_item advanced_animations=\u00a0\u00bbno\u00a0\u00bb item_padding=\u00a0\u00bb0% 15%\u00a0\u00bb][vc_column_text] Le\u00a0Conseil d&rsquo;administration\u00a0joue\u00a0un r\u00f4le important pour l&rsquo;Alliance Fran\u00e7aise, repr\u00e9sentant\u00a0l&rsquo;expression de la passion et de l&rsquo;amour pour...","og_url":"https:\/\/alliancefraoste.it\/fr\/comite\/","og_site_name":"Alliance Francaise","article_modified_time":"2023-02-17T11:24:42+00:00","twitter_card":"summary_large_image","twitter_misc":{"Dur\u00e9e de lecture estim\u00e9e":"3 minutes"},"schema":{"@context":"https:\/\/schema.org","@graph":[{"@type":"WebPage","@id":"https:\/\/alliancefraoste.it\/fr\/comite\/","url":"https:\/\/alliancefraoste.it\/fr\/comite\/","name":"Comit\u00e9 - Alliance Francaise","isPartOf":{"@id":"https:\/\/alliancefraoste.it\/#website"},"datePublished":"2016-11-04T10:32:18+00:00","dateModified":"2023-02-17T11:24:42+00:00","breadcrumb":{"@id":"https:\/\/alliancefraoste.it\/fr\/comite\/#breadcrumb"},"inLanguage":"fr-FR","potentialAction":[{"@type":"ReadAction","target":["https:\/\/alliancefraoste.it\/fr\/comite\/"]}]},{"@type":"BreadcrumbList","@id":"https:\/\/alliancefraoste.it\/fr\/comite\/#breadcrumb","itemListElement":[{"@type":"ListItem","position":1,"name":"Home","item":"https:\/\/alliancefraoste.it\/fr\/"},{"@type":"ListItem","position":2,"name":"Comit\u00e9"}]},{"@type":"WebSite","@id":"https:\/\/alliancefraoste.it\/#website","url":"https:\/\/alliancefraoste.it\/","name":"Alliance Francaise","description":"Vall\u00e9e d&#039;Aoste","potentialAction":[{"@type":"SearchAction","target":{"@type":"EntryPoint","urlTemplate":"https:\/\/alliancefraoste.it\/?s={search_term_string}"},"query-input":{"@type":"PropertyValueSpecification","valueRequired":true,"valueName":"search_term_string"}}],"inLanguage":"fr-FR"}]}},"_links":{"self":[{"href":"https:\/\/alliancefraoste.it\/fr\/wp-json\/wp\/v2\/pages\/655","targetHints":{"allow":["GET"]}}],"collection":[{"href":"https:\/\/alliancefraoste.it\/fr\/wp-json\/wp\/v2\/pages"}],"about":[{"href":"https:\/\/alliancefraoste.it\/fr\/wp-json\/wp\/v2\/types\/page"}],"author":[{"embeddable":true,"href":"https:\/\/alliancefraoste.it\/fr\/wp-json\/wp\/v2\/users\/1"}],"replies":[{"embeddable":true,"href":"https:\/\/alliancefraoste.it\/fr\/wp-json\/wp\/v2\/comments?post=655"}],"version-history":[{"count":3,"href":"https:\/\/alliancefraoste.it\/fr\/wp-json\/wp\/v2\/pages\/655\/revisions"}],"predecessor-version":[{"id":751,"href":"https:\/\/alliancefraoste.it\/fr\/wp-json\/wp\/v2\/pages\/655\/revisions\/751"}],"wp:attachment":[{"href":"https:\/\/alliancefraoste.it\/fr\/wp-json\/wp\/v2\/media?parent=655"}],"curies":[{"name":"wp","href":"https:\/\/api.w.org\/{rel}","templated":true}]}}