{"id":721,"date":"2023-08-10T11:23:14","date_gmt":"2023-08-10T11:23:14","guid":{"rendered":"https:\/\/angry-banzai.34-154-125-132.plesk.page\/attivita-culturali\/"},"modified":"2026-02-25T11:05:06","modified_gmt":"2026-02-25T11:05:06","slug":"activites-culturelles","status":"publish","type":"page","link":"https:\/\/alliancefraoste.it\/fr\/activites-culturelles\/","title":{"rendered":"Activit\u00e9s culturelles et sociales"},"content":{"rendered":"<section class=\"wpb-content-wrapper\"><p>[vc_row css_animation=\u00a0\u00bb\u00a0\u00bb row_type=\u00a0\u00bbrow\u00a0\u00bb use_row_as_full_screen_section=\u00a0\u00bbno\u00a0\u00bb type=\u00a0\u00bbgrid\u00a0\u00bb angled_section=\u00a0\u00bbno\u00a0\u00bb text_align=\u00a0\u00bbleft\u00a0\u00bb background_image_as_pattern=\u00a0\u00bbwithout_pattern\u00a0\u00bb z_index=\u00a0\u00bb\u00a0\u00bb][vc_column][vc_single_image image=\u00a0\u00bb548&Prime; img_size=\u00a0\u00bbfull\u00a0\u00bb alignment=\u00a0\u00bbcenter\u00a0\u00bb qode_css_animation=\u00a0\u00bb\u00a0\u00bb][qode_elements_holder number_of_columns=\u00a0\u00bbone_column\u00a0\u00bb][qode_elements_holder_item advanced_animations=\u00a0\u00bbno\u00a0\u00bb item_padding=\u00a0\u00bb5% 5% 0% 5%\u00a0\u00bb][vc_column_text]<\/p>\n<h2>Les activit\u00e9s culturelles de l&rsquo;Alliance fran\u00e7aise<\/h2>\n<p>[\/vc_column_text][vc_empty_space height=\u00a0\u00bb20px\u00a0\u00bb][vc_column_text]L\u2019Alliance fran\u00e7aise de la Vall\u00e9e d\u2019Aoste promeut la culture fran\u00e7aise et francophone en organisant de son propre chef des initiatives de tout genre: rencontres, conf\u00e9rences, expositions, projections cin\u00e9matographiques mais aussi en collaboration avec les Institutions et Associations culturelles r\u00e9gionales comme dans le cadre notamment de la Saison Culturelle, de la semaine de la Francophonie et de \u00ab\u00a0Plaisir de culture\u00a0\u00bb. Elle met \u00e0 disposition pour toute collectivit\u00e9, souhaitant inclure dans ses activit\u00e9s culturelles des initiatives en langue fran\u00e7aise, son expertise dans le domaine culturel francophone.<\/p>\n<p><a href=\"https:\/\/alliancefraoste.it\/fr\/news\/\">Cliquez ici pour d\u00e9couvrir les activit\u00e9s culturelles<\/a><\/p>\n<div id=\"gtx-trans\" style=\"position: absolute; left: 344px; top: 149.021px;\">\n<div class=\"gtx-trans-icon\"><\/div>\n<\/div>\n<p>[\/vc_column_text][\/qode_elements_holder_item][\/qode_elements_holder][\/vc_column][\/vc_row]<\/p>\n<\/section>","protected":false},"excerpt":{"rendered":"<p>[vc_row css_animation=\u00a0\u00bb\u00a0\u00bb row_type=\u00a0\u00bbrow\u00a0\u00bb use_row_as_full_screen_section=\u00a0\u00bbno\u00a0\u00bb type=\u00a0\u00bbgrid\u00a0\u00bb angled_section=\u00a0\u00bbno\u00a0\u00bb text_align=\u00a0\u00bbleft\u00a0\u00bb background_image_as_pattern=\u00a0\u00bbwithout_pattern\u00a0\u00bb z_index=\u00a0\u00bb\u00a0\u00bb][vc_column][vc_single_image image=\u00a0\u00bb548&Prime; img_size=\u00a0\u00bbfull\u00a0\u00bb alignment=\u00a0\u00bbcenter\u00a0\u00bb qode_css_animation=\u00a0\u00bb\u00a0\u00bb][qode_elements_holder number_of_columns=\u00a0\u00bbone_column\u00a0\u00bb][qode_elements_holder_item advanced_animations=\u00a0\u00bbno\u00a0\u00bb item_padding=\u00a0\u00bb5% 5% 0% 5%\u00a0\u00bb][vc_column_text] Les activit\u00e9s culturelles de l&rsquo;Alliance fran\u00e7aise [\/vc_column_text][vc_empty_space height=\u00a0\u00bb20px\u00a0\u00bb][vc_column_text]L\u2019Alliance fran\u00e7aise de la Vall\u00e9e d\u2019Aoste promeut la culture fran\u00e7aise et francophone en organisant de son propre chef des&#8230;<\/p>\n","protected":false},"author":1,"featured_media":0,"parent":0,"menu_order":0,"comment_status":"closed","ping_status":"closed","template":"full_width.php","meta":{"footnotes":""},"class_list":["post-721","page","type-page","status-publish","hentry"],"yoast_head":"<!-- This site is optimized with the Yoast SEO plugin v24.5 - https:\/\/yoast.com\/wordpress\/plugins\/seo\/ -->\n<title>Activit\u00e9s culturelles et sociales - Alliance Francaise<\/title>\n<meta name=\"robots\" content=\"index, follow, max-snippet:-1, max-image-preview:large, max-video-preview:-1\" \/>\n<link rel=\"canonical\" href=\"https:\/\/alliancefraoste.it\/fr\/activites-culturelles\/\" \/>\n<meta property=\"og:locale\" content=\"fr_FR\" \/>\n<meta property=\"og:type\" content=\"article\" \/>\n<meta property=\"og:title\" content=\"Activit\u00e9s culturelles et sociales - Alliance Francaise\" \/>\n<meta property=\"og:description\" content=\"[vc_row css_animation=\u00a0\u00bb\u00a0\u00bb row_type=\u00a0\u00bbrow\u00a0\u00bb use_row_as_full_screen_section=\u00a0\u00bbno\u00a0\u00bb type=\u00a0\u00bbgrid\u00a0\u00bb angled_section=\u00a0\u00bbno\u00a0\u00bb text_align=\u00a0\u00bbleft\u00a0\u00bb background_image_as_pattern=\u00a0\u00bbwithout_pattern\u00a0\u00bb z_index=\u00a0\u00bb\u00a0\u00bb][vc_column][vc_single_image image=\u00a0\u00bb548&Prime; img_size=\u00a0\u00bbfull\u00a0\u00bb alignment=\u00a0\u00bbcenter\u00a0\u00bb qode_css_animation=\u00a0\u00bb\u00a0\u00bb][qode_elements_holder number_of_columns=\u00a0\u00bbone_column\u00a0\u00bb][qode_elements_holder_item advanced_animations=\u00a0\u00bbno\u00a0\u00bb item_padding=\u00a0\u00bb5% 5% 0% 5%\u00a0\u00bb][vc_column_text] Les activit\u00e9s culturelles de l&rsquo;Alliance fran\u00e7aise [\/vc_column_text][vc_empty_space height=\u00a0\u00bb20px\u00a0\u00bb][vc_column_text]L\u2019Alliance fran\u00e7aise de la Vall\u00e9e d\u2019Aoste promeut la culture fran\u00e7aise et francophone en organisant de son propre chef des...\" \/>\n<meta property=\"og:url\" content=\"https:\/\/alliancefraoste.it\/fr\/activites-culturelles\/\" \/>\n<meta property=\"og:site_name\" content=\"Alliance Francaise\" \/>\n<meta property=\"article:modified_time\" content=\"2026-02-25T11:05:06+00:00\" \/>\n<meta name=\"twitter:card\" content=\"summary_large_image\" \/>\n<meta name=\"twitter:label1\" content=\"Dur\u00e9e de lecture estim\u00e9e\" \/>\n\t<meta name=\"twitter:data1\" content=\"1 minute\" \/>\n<script type=\"application\/ld+json\" class=\"yoast-schema-graph\">{\"@context\":\"https:\/\/schema.org\",\"@graph\":[{\"@type\":\"WebPage\",\"@id\":\"https:\/\/alliancefraoste.it\/fr\/activites-culturelles\/\",\"url\":\"https:\/\/alliancefraoste.it\/fr\/activites-culturelles\/\",\"name\":\"Activit\u00e9s culturelles et sociales - Alliance Francaise\",\"isPartOf\":{\"@id\":\"https:\/\/alliancefraoste.it\/#website\"},\"datePublished\":\"2023-08-10T11:23:14+00:00\",\"dateModified\":\"2026-02-25T11:05:06+00:00\",\"breadcrumb\":{\"@id\":\"https:\/\/alliancefraoste.it\/fr\/activites-culturelles\/#breadcrumb\"},\"inLanguage\":\"fr-FR\",\"potentialAction\":[{\"@type\":\"ReadAction\",\"target\":[\"https:\/\/alliancefraoste.it\/fr\/activites-culturelles\/\"]}]},{\"@type\":\"BreadcrumbList\",\"@id\":\"https:\/\/alliancefraoste.it\/fr\/activites-culturelles\/#breadcrumb\",\"itemListElement\":[{\"@type\":\"ListItem\",\"position\":1,\"name\":\"Home\",\"item\":\"https:\/\/alliancefraoste.it\/fr\/\"},{\"@type\":\"ListItem\",\"position\":2,\"name\":\"Activit\u00e9s culturelles et sociales\"}]},{\"@type\":\"WebSite\",\"@id\":\"https:\/\/alliancefraoste.it\/#website\",\"url\":\"https:\/\/alliancefraoste.it\/\",\"name\":\"Alliance Francaise\",\"description\":\"Vall\u00e9e d&#039;Aoste\",\"potentialAction\":[{\"@type\":\"SearchAction\",\"target\":{\"@type\":\"EntryPoint\",\"urlTemplate\":\"https:\/\/alliancefraoste.it\/?s={search_term_string}\"},\"query-input\":{\"@type\":\"PropertyValueSpecification\",\"valueRequired\":true,\"valueName\":\"search_term_string\"}}],\"inLanguage\":\"fr-FR\"}]}<\/script>\n<!-- \/ Yoast SEO plugin. -->","yoast_head_json":{"title":"Activit\u00e9s culturelles et sociales - Alliance Francaise","robots":{"index":"index","follow":"follow","max-snippet":"max-snippet:-1","max-image-preview":"max-image-preview:large","max-video-preview":"max-video-preview:-1"},"canonical":"https:\/\/alliancefraoste.it\/fr\/activites-culturelles\/","og_locale":"fr_FR","og_type":"article","og_title":"Activit\u00e9s culturelles et sociales - Alliance Francaise","og_description":"[vc_row css_animation=\u00a0\u00bb\u00a0\u00bb row_type=\u00a0\u00bbrow\u00a0\u00bb use_row_as_full_screen_section=\u00a0\u00bbno\u00a0\u00bb type=\u00a0\u00bbgrid\u00a0\u00bb angled_section=\u00a0\u00bbno\u00a0\u00bb text_align=\u00a0\u00bbleft\u00a0\u00bb background_image_as_pattern=\u00a0\u00bbwithout_pattern\u00a0\u00bb z_index=\u00a0\u00bb\u00a0\u00bb][vc_column][vc_single_image image=\u00a0\u00bb548&Prime; img_size=\u00a0\u00bbfull\u00a0\u00bb alignment=\u00a0\u00bbcenter\u00a0\u00bb qode_css_animation=\u00a0\u00bb\u00a0\u00bb][qode_elements_holder number_of_columns=\u00a0\u00bbone_column\u00a0\u00bb][qode_elements_holder_item advanced_animations=\u00a0\u00bbno\u00a0\u00bb item_padding=\u00a0\u00bb5% 5% 0% 5%\u00a0\u00bb][vc_column_text] Les activit\u00e9s culturelles de l&rsquo;Alliance fran\u00e7aise [\/vc_column_text][vc_empty_space height=\u00a0\u00bb20px\u00a0\u00bb][vc_column_text]L\u2019Alliance fran\u00e7aise de la Vall\u00e9e d\u2019Aoste promeut la culture fran\u00e7aise et francophone en organisant de son propre chef des...","og_url":"https:\/\/alliancefraoste.it\/fr\/activites-culturelles\/","og_site_name":"Alliance Francaise","article_modified_time":"2026-02-25T11:05:06+00:00","twitter_card":"summary_large_image","twitter_misc":{"Dur\u00e9e de lecture estim\u00e9e":"1 minute"},"schema":{"@context":"https:\/\/schema.org","@graph":[{"@type":"WebPage","@id":"https:\/\/alliancefraoste.it\/fr\/activites-culturelles\/","url":"https:\/\/alliancefraoste.it\/fr\/activites-culturelles\/","name":"Activit\u00e9s culturelles et sociales - Alliance Francaise","isPartOf":{"@id":"https:\/\/alliancefraoste.it\/#website"},"datePublished":"2023-08-10T11:23:14+00:00","dateModified":"2026-02-25T11:05:06+00:00","breadcrumb":{"@id":"https:\/\/alliancefraoste.it\/fr\/activites-culturelles\/#breadcrumb"},"inLanguage":"fr-FR","potentialAction":[{"@type":"ReadAction","target":["https:\/\/alliancefraoste.it\/fr\/activites-culturelles\/"]}]},{"@type":"BreadcrumbList","@id":"https:\/\/alliancefraoste.it\/fr\/activites-culturelles\/#breadcrumb","itemListElement":[{"@type":"ListItem","position":1,"name":"Home","item":"https:\/\/alliancefraoste.it\/fr\/"},{"@type":"ListItem","position":2,"name":"Activit\u00e9s culturelles et sociales"}]},{"@type":"WebSite","@id":"https:\/\/alliancefraoste.it\/#website","url":"https:\/\/alliancefraoste.it\/","name":"Alliance Francaise","description":"Vall\u00e9e d&#039;Aoste","potentialAction":[{"@type":"SearchAction","target":{"@type":"EntryPoint","urlTemplate":"https:\/\/alliancefraoste.it\/?s={search_term_string}"},"query-input":{"@type":"PropertyValueSpecification","valueRequired":true,"valueName":"search_term_string"}}],"inLanguage":"fr-FR"}]}},"_links":{"self":[{"href":"https:\/\/alliancefraoste.it\/fr\/wp-json\/wp\/v2\/pages\/721","targetHints":{"allow":["GET"]}}],"collection":[{"href":"https:\/\/alliancefraoste.it\/fr\/wp-json\/wp\/v2\/pages"}],"about":[{"href":"https:\/\/alliancefraoste.it\/fr\/wp-json\/wp\/v2\/types\/page"}],"author":[{"embeddable":true,"href":"https:\/\/alliancefraoste.it\/fr\/wp-json\/wp\/v2\/users\/1"}],"replies":[{"embeddable":true,"href":"https:\/\/alliancefraoste.it\/fr\/wp-json\/wp\/v2\/comments?post=721"}],"version-history":[{"count":33,"href":"https:\/\/alliancefraoste.it\/fr\/wp-json\/wp\/v2\/pages\/721\/revisions"}],"predecessor-version":[{"id":2340,"href":"https:\/\/alliancefraoste.it\/fr\/wp-json\/wp\/v2\/pages\/721\/revisions\/2340"}],"wp:attachment":[{"href":"https:\/\/alliancefraoste.it\/fr\/wp-json\/wp\/v2\/media?parent=721"}],"curies":[{"name":"wp","href":"https:\/\/api.w.org\/{rel}","templated":true}]}}