{"id":742,"date":"2023-02-15T16:01:10","date_gmt":"2023-02-15T16:01:10","guid":{"rendered":"https:\/\/angry-banzai.34-154-125-132.plesk.page\/daefle\/"},"modified":"2025-05-14T13:02:46","modified_gmt":"2025-05-14T13:02:46","slug":"daefle","status":"publish","type":"page","link":"https:\/\/alliancefraoste.it\/fr\/daefle\/","title":{"rendered":"DAEFLE"},"content":{"rendered":"<section class=\"wpb-content-wrapper\"><p>[vc_row css_animation=\u00a0\u00bb\u00a0\u00bb row_type=\u00a0\u00bbrow\u00a0\u00bb use_row_as_full_screen_section=\u00a0\u00bbno\u00a0\u00bb type=\u00a0\u00bbgrid\u00a0\u00bb angled_section=\u00a0\u00bbno\u00a0\u00bb text_align=\u00a0\u00bbleft\u00a0\u00bb background_image_as_pattern=\u00a0\u00bbwithout_pattern\u00a0\u00bb z_index=\u00a0\u00bb\u00a0\u00bb][vc_column][vc_single_image image=\u00a0\u00bb550&Prime; img_size=\u00a0\u00bbfull\u00a0\u00bb alignment=\u00a0\u00bbcenter\u00a0\u00bb qode_css_animation=\u00a0\u00bb\u00a0\u00bb][qode_elements_holder number_of_columns=\u00a0\u00bbone_column\u00a0\u00bb][qode_elements_holder_item advanced_animations=\u00a0\u00bbno\u00a0\u00bb item_padding=\u00a0\u00bb5% 5% 0% 5%\u00a0\u00bb][vc_column_text]<\/p>\n<h4 class=\"primo\">Formation \u00e0 distance pour l&rsquo;enseignement<\/h4>\n<p>Le DAEFLE est une formation initiale ou continue, qui s\u2019effectue \u00e0 distance.<\/p>\n<p>Cette formation dipl\u00f4mante est \u00e0 vis\u00e9e professionnelle. Elle est le r\u00e9sultat d\u2019un partenariat entre l\u2019Alliance fran\u00e7aise Paris Ile-de-France et le Centre National d\u2019Enseignement \u00e0 Distance (CNED). Elle peut \u00eatre suivie o\u00f9 que vous soyez dans le monde.<\/p>\n<p>Cette formation s\u2019adresse \u00e0 toute personne se pr\u00e9parant \u00e0 enseigner ou enseignant d\u00e9j\u00e0 le fran\u00e7ais \u00e0 un public non francophone en France ou \u00e0 l\u2019\u00e9tranger.<\/p>\n<p>Les contenus de la formation sont orient\u00e9s vers la pratique de classe : les cours alternent des lectures th\u00e9oriques, des activit\u00e9s \u00e0 partir de documents et des exercices d\u2019application.<\/p>\n<p>Un accompagnement par un tutorat en ligne, assur\u00e9 par des formateurs, compl\u00e8te efficacement les supports de cours et vous aide tout au long de votre formation \u00e0 acqu\u00e9rir les savoirs et les comp\u00e9tences li\u00e9s \u00e0 la profession.<\/p>\n<p>Suite \u00e0 la situation d&rsquo;urgence COVID-19, le service de formation professionnelle de l&rsquo;Alliance fran\u00e7aise Paris Ile-de-France a d\u00e9cid\u00e9 de d\u00e9placer les dates d&rsquo;examen du DAEFLE. Consultez le\u00a0<a href=\"https:\/\/www.alliancefraoste.it\/elementi\/www\/daefle%20info%20aggiornato.pdf\">calendrier<\/a>\u00a0mis \u00e0 jour.[\/vc_column_text][vc_empty_space]\n\n\t<a href=\"https:\/\/alliancefraoste.it\/wp-content\/uploads\/2025\/05\/Formulaire-inscription-epreuves-finales-2025.pdf\" target=\"_blank\" style=\"color: #ffffff;background-color: #b10025\" class=\"qode-btn qode-btn-medium qode-btn-solid qode-btn-default-hover\"  >\n\t    <span class=\"qode-btn-text\">Fiche d&#039;inscription DAEFLE<\/span>\t<\/a>\n\n[\/qode_elements_holder_item][\/qode_elements_holder][\/vc_column][\/vc_row][vc_row css_animation=\u00a0\u00bb\u00a0\u00bb row_type=\u00a0\u00bbrow\u00a0\u00bb use_row_as_full_screen_section=\u00a0\u00bbno\u00a0\u00bb type=\u00a0\u00bbgrid\u00a0\u00bb angled_section=\u00a0\u00bbno\u00a0\u00bb text_align=\u00a0\u00bbleft\u00a0\u00bb background_image_as_pattern=\u00a0\u00bbwithout_pattern\u00a0\u00bb z_index=\u00a0\u00bb\u00a0\u00bb][vc_column][vc_empty_space][vc_column_text]<\/p>\n<h4 class=\"primo\"><strong>Le DAEFLE se divise en 3 \u00e9tapes:<\/strong><\/h4>\n<p>[\/vc_column_text][qode_elements_holder number_of_columns=\u00a0\u00bbone_column\u00a0\u00bb][qode_elements_holder_item advanced_animations=\u00a0\u00bbno\u00a0\u00bb item_padding=\u00a0\u00bb2% 5% 0% 5%\u00a0\u00bb]<div class=\"qode-accordion-holder clearfix qode-toggle qode-initial \">\n\t<h2 class=\"clearfix qode-title-holder\">\n<span class=\"qode-tab-title\">\n\t\t\t<span class=\"qode-tab-title-icon\">\n\t\t\t<i class=\"qode_icon_font_awesome fa fa-book \" ><\/i>\t\t<\/span>\n\t    <span class=\"qode-tab-title-inner\">\n        ETAPE 1 : LE TEST D\u2019ACCES :    <\/span>\n<\/span>\n<span class=\"qode-accordion-mark\">\n    <span class=\"qode-accordion-mark-icon\">\n        <span class=\"icon_plus\"><\/span>\n        <span class=\"icon_minus-06\"><\/span>\n    <\/span>\n<\/span>\n<\/h2>\n<div  class=\"qode-accordion-content qode-acc-title-with-icon\" >\n    <div class=\"qode-accordion-content-inner\">\n        [vc_empty_space height=\u00a0\u00bb15px\u00a0\u00bb][vc_column_text]Le test d\u2019acc\u00e8s s\u2019effectue 100% en ligne sur la plateforme Ev@lang. Il permet une \u00e9valuation fiable et rapide de votre niveau en fran\u00e7ais. Ce test ne requiert aucune pr\u00e9paration particuli\u00e8re.<br \/>\nLe test d\u2019acc\u00e8s reste valide pour une premi\u00e8re inscription dans les 3 ans suivant le test.<br \/>\nL\u2019inscription se fait\u00a0dans le\u00a0site\u00a0de l\u2019<a href=\"http:\/\/www.alliancefr.org\/fr\/cours\/enseigner-le-francais\/devenir-professeur-fle\" target=\"_blank\" rel=\"noopener\">Alliance Fran\u00e7aise de Paris \u00cele-de-France<\/a>. En cas\u00a0de\u00a0difficult\u00e9, reportez-vous au\u00a0tutoriel\u00a0ou contactez\u00a0le centre\u00a0de\u00a0gestion\u00a0du\u00a0DAEFLE (<a href=\"mailto:daefle@alliancefr.org\">daefle@alliancefr.org<\/a>).[\/vc_column_text][vc_empty_space]\n\n\t<a href=\"https:\/\/alliancefraoste.it\/wp-content\/uploads\/2023\/02\/tutoriel-parcours-inscritpion-test-dacceEs-daefle-2022.pdfhttps:\/\/alliancefraoste.it\/wp-content\/uploads\/2023\/02\/tutoriel-parcours-inscritpion-test-dacceEs-daefle-2022.pdfhttps:\/\/alliancefraoste.it\/wp-content\/uploads\/2023\/02\/tutoriel-parcours-inscritpion-test-dacceEs-daefle-2022.pdf\" target=\"_blank\" style=\"color: #ffffff;background-color: #b10025\" class=\"qode-btn qode-btn-medium qode-btn-solid qode-btn-icon qode-btn-icon-rotate\"  >\n\t    <span class=\"qode-btn-text\">Tutoriel<\/span><span class=\"qode-button-v2-icon-holder\"  ><i class=\"qode_icon_font_awesome fa fa-file-pdf-o qode-button-v2-icon-holder-inner\" ><\/i><\/span>\t<\/a>\n\n[vc_empty_space height=\u00a0\u00bb15px\u00a0\u00bb][vc_column_text]<strong>PR\u00c9-REQUIS :<\/strong><br \/>\nDipl\u00f4me de fin d\u2019\u00e9tudes secondaires<br \/>\nNiveau de fran\u00e7ais : C1 minimum[\/vc_column_text]    <\/div>\n<\/div><\/div><div class=\"qode-accordion-holder clearfix qode-toggle qode-initial \">\n\t<h2 class=\"clearfix qode-title-holder\">\n<span class=\"qode-tab-title\">\n\t\t\t<span class=\"qode-tab-title-icon\">\n\t\t\t<i class=\"qode_icon_font_awesome fa fa-book \" ><\/i>\t\t<\/span>\n\t    <span class=\"qode-tab-title-inner\">\n        ETAPE 2 : LA FORMATION    <\/span>\n<\/span>\n<span class=\"qode-accordion-mark\">\n    <span class=\"qode-accordion-mark-icon\">\n        <span class=\"icon_plus\"><\/span>\n        <span class=\"icon_minus-06\"><\/span>\n    <\/span>\n<\/span>\n<\/h2>\n<div  class=\"qode-accordion-content qode-acc-title-with-icon\" >\n    <div class=\"qode-accordion-content-inner\">\n        [vc_empty_space height=\u00a0\u00bb15px\u00a0\u00bb][vc_column_text]Vous avez r\u00e9ussi le test d\u2019acc\u00e8s.<br \/>\nLa formation s\u2019effectue \u00e0 distance\u00a0avec le CNED. Retrouvez toutes les informations et modalit\u00e9s dans le lien suivant:\u00a0<a href=\"https:\/\/www.cned.fr\/inscription\/8fleddix\" target=\"_blank\" rel=\"noopener\">https:\/\/www.cned.fr\/inscription\/8fleddix<\/a>[\/vc_column_text]    <\/div>\n<\/div><\/div><div class=\"qode-accordion-holder clearfix qode-toggle qode-initial \">\n\t<h2 class=\"clearfix qode-title-holder\">\n<span class=\"qode-tab-title\">\n\t\t\t<span class=\"qode-tab-title-icon\">\n\t\t\t<i class=\"qode_icon_font_awesome fa fa-book \" ><\/i>\t\t<\/span>\n\t    <span class=\"qode-tab-title-inner\">\n        ETAPE 3 : L\u2019EXAMEN FINAL    <\/span>\n<\/span>\n<span class=\"qode-accordion-mark\">\n    <span class=\"qode-accordion-mark-icon\">\n        <span class=\"icon_plus\"><\/span>\n        <span class=\"icon_minus-06\"><\/span>\n    <\/span>\n<\/span>\n<\/h2>\n<div  class=\"qode-accordion-content qode-acc-title-with-icon\" >\n    <div class=\"qode-accordion-content-inner\">\n        [vc_empty_space height=\u00a0\u00bb15px\u00a0\u00bb][vc_column_text]Vous avez valid\u00e9 les six modules aupr\u00e8s du CNED<\/p>\n<p>(cinq fondamentaux, et un de sp\u00e9cialisation), vous pouvez d\u00e9sormais passer votre examen final.<\/p>\n<p>2 \u00e9preuves :<\/p>\n<p>\u2022 Une \u00e9preuve transversale : 4h.<\/p>\n<p>\u2022 Une \u00e9preuve de sp\u00e9cialisation : 1h30.<\/p>\n<p>L&rsquo;examen final se d\u00e9roule dans des centres agr\u00e9\u00e9s, dont l&rsquo;Alliance Fran\u00e7aise de la Vall\u00e9e d&rsquo;Aoste. Remplissez le formulaire d&rsquo;inscription \u00e0 l&rsquo;examen final et joignez-y l&rsquo;attestation de fin de formation re\u00e7ue du CNED et le r\u00e8glement par virement bancaire.[\/vc_column_text]\n\n\t<a href=\"https:\/\/alliancefraoste.it\/wp-content\/uploads\/2023\/02\/iban.pdfhttps:\/\/alliancefraoste.it\/wp-content\/uploads\/2023\/02\/iban.pdf\" target=\"_blank\" style=\"color: #ffffff;background-color: #b10025;font-size: 18px\" class=\"qode-btn qode-btn-medium qode-btn-solid qode-btn-icon qode-btn-icon-rotate\"  >\n\t    <span class=\"qode-btn-text\">Virement bancaire<\/span><span class=\"qode-button-v2-icon-holder\"  ><i class=\"qode_icon_font_awesome fa fa-file-pdf-o qode-button-v2-icon-holder-inner\" ><\/i><\/span>\t<\/a>\n\n\n\n\t<a href=\"https:\/\/alliancefraoste.it\/wp-content\/uploads\/2023\/02\/tutoriel-parcours-inscritpion-test-dacceEs-daefle-2022.pdf\" target=\"_blank\" style=\"color: #ffffff;background-color: #b10025;font-size: 18px\" class=\"qode-btn qode-btn-medium qode-btn-solid qode-btn-icon qode-btn-icon-rotate\"  >\n\t    <span class=\"qode-btn-text\">Formulaire d&#039;inscription \u00e0 l&#039;examen final<\/span><span class=\"qode-button-v2-icon-holder\"  ><i class=\"qode_icon_font_awesome fa fa-file-pdf-o qode-button-v2-icon-holder-inner\" ><\/i><\/span>\t<\/a>\n\n    <\/div>\n<\/div><\/div>[vc_empty_space][vc_column_text]<\/p>\n<h4>Renseignements compl\u00e9mentaires<\/h4>\n<p>[\/vc_column_text][vc_empty_space]\n\n\t<a href=\"https:\/\/www.cned.fr\/\" target=\"_blank\" style=\"color: #ffffff;background-color: #b10025;font-size: 18px\" class=\"qode-btn qode-btn-medium qode-btn-solid qode-btn-icon qode-btn-icon-rotate\"  >\n\t    <span class=\"qode-btn-text\">Cned Daefle<\/span><span class=\"qode-button-v2-icon-holder\"  ><i class=\"qode_icon_font_awesome fa fa-file-pdf-o qode-button-v2-icon-holder-inner\" ><\/i><\/span>\t<\/a>\n\n[\/qode_elements_holder_item][\/qode_elements_holder][\/vc_column][\/vc_row]<\/p>\n<\/section>","protected":false},"excerpt":{"rendered":"<p>[vc_row css_animation=\u00a0\u00bb\u00a0\u00bb row_type=\u00a0\u00bbrow\u00a0\u00bb use_row_as_full_screen_section=\u00a0\u00bbno\u00a0\u00bb type=\u00a0\u00bbgrid\u00a0\u00bb angled_section=\u00a0\u00bbno\u00a0\u00bb text_align=\u00a0\u00bbleft\u00a0\u00bb background_image_as_pattern=\u00a0\u00bbwithout_pattern\u00a0\u00bb z_index=\u00a0\u00bb\u00a0\u00bb][vc_column][vc_single_image image=\u00a0\u00bb550&Prime; img_size=\u00a0\u00bbfull\u00a0\u00bb alignment=\u00a0\u00bbcenter\u00a0\u00bb qode_css_animation=\u00a0\u00bb\u00a0\u00bb][qode_elements_holder number_of_columns=\u00a0\u00bbone_column\u00a0\u00bb][qode_elements_holder_item advanced_animations=\u00a0\u00bbno\u00a0\u00bb item_padding=\u00a0\u00bb5% 5% 0% 5%\u00a0\u00bb][vc_column_text] Formation \u00e0 distance pour l&rsquo;enseignement Le DAEFLE est une formation initiale ou continue, qui s\u2019effectue \u00e0 distance. Cette formation dipl\u00f4mante est \u00e0 vis\u00e9e professionnelle. Elle est&#8230;<\/p>\n","protected":false},"author":1,"featured_media":0,"parent":0,"menu_order":0,"comment_status":"closed","ping_status":"closed","template":"full_width.php","meta":{"footnotes":""},"class_list":["post-742","page","type-page","status-publish","hentry"],"yoast_head":"<!-- This site is optimized with the Yoast SEO plugin v24.5 - https:\/\/yoast.com\/wordpress\/plugins\/seo\/ -->\n<title>DAEFLE - Alliance Francaise<\/title>\n<meta name=\"robots\" content=\"index, follow, max-snippet:-1, max-image-preview:large, max-video-preview:-1\" \/>\n<link rel=\"canonical\" href=\"https:\/\/alliancefraoste.it\/fr\/daefle\/\" \/>\n<meta property=\"og:locale\" content=\"fr_FR\" \/>\n<meta property=\"og:type\" content=\"article\" \/>\n<meta property=\"og:title\" content=\"DAEFLE - Alliance Francaise\" \/>\n<meta property=\"og:description\" content=\"[vc_row css_animation=\u00a0\u00bb\u00a0\u00bb row_type=\u00a0\u00bbrow\u00a0\u00bb use_row_as_full_screen_section=\u00a0\u00bbno\u00a0\u00bb type=\u00a0\u00bbgrid\u00a0\u00bb angled_section=\u00a0\u00bbno\u00a0\u00bb text_align=\u00a0\u00bbleft\u00a0\u00bb background_image_as_pattern=\u00a0\u00bbwithout_pattern\u00a0\u00bb z_index=\u00a0\u00bb\u00a0\u00bb][vc_column][vc_single_image image=\u00a0\u00bb550&Prime; img_size=\u00a0\u00bbfull\u00a0\u00bb alignment=\u00a0\u00bbcenter\u00a0\u00bb qode_css_animation=\u00a0\u00bb\u00a0\u00bb][qode_elements_holder number_of_columns=\u00a0\u00bbone_column\u00a0\u00bb][qode_elements_holder_item advanced_animations=\u00a0\u00bbno\u00a0\u00bb item_padding=\u00a0\u00bb5% 5% 0% 5%\u00a0\u00bb][vc_column_text] Formation \u00e0 distance pour l&rsquo;enseignement Le DAEFLE est une formation initiale ou continue, qui s\u2019effectue \u00e0 distance. Cette formation dipl\u00f4mante est \u00e0 vis\u00e9e professionnelle. Elle est...\" \/>\n<meta property=\"og:url\" content=\"https:\/\/alliancefraoste.it\/fr\/daefle\/\" \/>\n<meta property=\"og:site_name\" content=\"Alliance Francaise\" \/>\n<meta property=\"article:modified_time\" content=\"2025-05-14T13:02:46+00:00\" \/>\n<meta name=\"twitter:card\" content=\"summary_large_image\" \/>\n<meta name=\"twitter:label1\" content=\"Dur\u00e9e de lecture estim\u00e9e\" \/>\n\t<meta name=\"twitter:data1\" content=\"3 minutes\" \/>\n<script type=\"application\/ld+json\" class=\"yoast-schema-graph\">{\"@context\":\"https:\/\/schema.org\",\"@graph\":[{\"@type\":\"WebPage\",\"@id\":\"https:\/\/alliancefraoste.it\/fr\/daefle\/\",\"url\":\"https:\/\/alliancefraoste.it\/fr\/daefle\/\",\"name\":\"DAEFLE - Alliance Francaise\",\"isPartOf\":{\"@id\":\"https:\/\/alliancefraoste.it\/#website\"},\"datePublished\":\"2023-02-15T16:01:10+00:00\",\"dateModified\":\"2025-05-14T13:02:46+00:00\",\"breadcrumb\":{\"@id\":\"https:\/\/alliancefraoste.it\/fr\/daefle\/#breadcrumb\"},\"inLanguage\":\"fr-FR\",\"potentialAction\":[{\"@type\":\"ReadAction\",\"target\":[\"https:\/\/alliancefraoste.it\/fr\/daefle\/\"]}]},{\"@type\":\"BreadcrumbList\",\"@id\":\"https:\/\/alliancefraoste.it\/fr\/daefle\/#breadcrumb\",\"itemListElement\":[{\"@type\":\"ListItem\",\"position\":1,\"name\":\"Home\",\"item\":\"https:\/\/alliancefraoste.it\/fr\/\"},{\"@type\":\"ListItem\",\"position\":2,\"name\":\"DAEFLE\"}]},{\"@type\":\"WebSite\",\"@id\":\"https:\/\/alliancefraoste.it\/#website\",\"url\":\"https:\/\/alliancefraoste.it\/\",\"name\":\"Alliance Francaise\",\"description\":\"Vall\u00e9e d&#039;Aoste\",\"potentialAction\":[{\"@type\":\"SearchAction\",\"target\":{\"@type\":\"EntryPoint\",\"urlTemplate\":\"https:\/\/alliancefraoste.it\/?s={search_term_string}\"},\"query-input\":{\"@type\":\"PropertyValueSpecification\",\"valueRequired\":true,\"valueName\":\"search_term_string\"}}],\"inLanguage\":\"fr-FR\"}]}<\/script>\n<!-- \/ Yoast SEO plugin. -->","yoast_head_json":{"title":"DAEFLE - Alliance Francaise","robots":{"index":"index","follow":"follow","max-snippet":"max-snippet:-1","max-image-preview":"max-image-preview:large","max-video-preview":"max-video-preview:-1"},"canonical":"https:\/\/alliancefraoste.it\/fr\/daefle\/","og_locale":"fr_FR","og_type":"article","og_title":"DAEFLE - Alliance Francaise","og_description":"[vc_row css_animation=\u00a0\u00bb\u00a0\u00bb row_type=\u00a0\u00bbrow\u00a0\u00bb use_row_as_full_screen_section=\u00a0\u00bbno\u00a0\u00bb type=\u00a0\u00bbgrid\u00a0\u00bb angled_section=\u00a0\u00bbno\u00a0\u00bb text_align=\u00a0\u00bbleft\u00a0\u00bb background_image_as_pattern=\u00a0\u00bbwithout_pattern\u00a0\u00bb z_index=\u00a0\u00bb\u00a0\u00bb][vc_column][vc_single_image image=\u00a0\u00bb550&Prime; img_size=\u00a0\u00bbfull\u00a0\u00bb alignment=\u00a0\u00bbcenter\u00a0\u00bb qode_css_animation=\u00a0\u00bb\u00a0\u00bb][qode_elements_holder number_of_columns=\u00a0\u00bbone_column\u00a0\u00bb][qode_elements_holder_item advanced_animations=\u00a0\u00bbno\u00a0\u00bb item_padding=\u00a0\u00bb5% 5% 0% 5%\u00a0\u00bb][vc_column_text] Formation \u00e0 distance pour l&rsquo;enseignement Le DAEFLE est une formation initiale ou continue, qui s\u2019effectue \u00e0 distance. Cette formation dipl\u00f4mante est \u00e0 vis\u00e9e professionnelle. Elle est...","og_url":"https:\/\/alliancefraoste.it\/fr\/daefle\/","og_site_name":"Alliance Francaise","article_modified_time":"2025-05-14T13:02:46+00:00","twitter_card":"summary_large_image","twitter_misc":{"Dur\u00e9e de lecture estim\u00e9e":"3 minutes"},"schema":{"@context":"https:\/\/schema.org","@graph":[{"@type":"WebPage","@id":"https:\/\/alliancefraoste.it\/fr\/daefle\/","url":"https:\/\/alliancefraoste.it\/fr\/daefle\/","name":"DAEFLE - Alliance Francaise","isPartOf":{"@id":"https:\/\/alliancefraoste.it\/#website"},"datePublished":"2023-02-15T16:01:10+00:00","dateModified":"2025-05-14T13:02:46+00:00","breadcrumb":{"@id":"https:\/\/alliancefraoste.it\/fr\/daefle\/#breadcrumb"},"inLanguage":"fr-FR","potentialAction":[{"@type":"ReadAction","target":["https:\/\/alliancefraoste.it\/fr\/daefle\/"]}]},{"@type":"BreadcrumbList","@id":"https:\/\/alliancefraoste.it\/fr\/daefle\/#breadcrumb","itemListElement":[{"@type":"ListItem","position":1,"name":"Home","item":"https:\/\/alliancefraoste.it\/fr\/"},{"@type":"ListItem","position":2,"name":"DAEFLE"}]},{"@type":"WebSite","@id":"https:\/\/alliancefraoste.it\/#website","url":"https:\/\/alliancefraoste.it\/","name":"Alliance Francaise","description":"Vall\u00e9e d&#039;Aoste","potentialAction":[{"@type":"SearchAction","target":{"@type":"EntryPoint","urlTemplate":"https:\/\/alliancefraoste.it\/?s={search_term_string}"},"query-input":{"@type":"PropertyValueSpecification","valueRequired":true,"valueName":"search_term_string"}}],"inLanguage":"fr-FR"}]}},"_links":{"self":[{"href":"https:\/\/alliancefraoste.it\/fr\/wp-json\/wp\/v2\/pages\/742","targetHints":{"allow":["GET"]}}],"collection":[{"href":"https:\/\/alliancefraoste.it\/fr\/wp-json\/wp\/v2\/pages"}],"about":[{"href":"https:\/\/alliancefraoste.it\/fr\/wp-json\/wp\/v2\/types\/page"}],"author":[{"embeddable":true,"href":"https:\/\/alliancefraoste.it\/fr\/wp-json\/wp\/v2\/users\/1"}],"replies":[{"embeddable":true,"href":"https:\/\/alliancefraoste.it\/fr\/wp-json\/wp\/v2\/comments?post=742"}],"version-history":[{"count":9,"href":"https:\/\/alliancefraoste.it\/fr\/wp-json\/wp\/v2\/pages\/742\/revisions"}],"predecessor-version":[{"id":2078,"href":"https:\/\/alliancefraoste.it\/fr\/wp-json\/wp\/v2\/pages\/742\/revisions\/2078"}],"wp:attachment":[{"href":"https:\/\/alliancefraoste.it\/fr\/wp-json\/wp\/v2\/media?parent=742"}],"curies":[{"name":"wp","href":"https:\/\/api.w.org\/{rel}","templated":true}]}}